{"id":307,"date":"2019-08-21T10:52:10","date_gmt":"2019-08-21T10:52:10","guid":{"rendered":"https:\/\/sofiacamargo.edu.co\/start\/blog\/"},"modified":"2024-02-01T14:56:55","modified_gmt":"2024-02-01T14:56:55","slug":"inscripciones-2024","status":"publish","type":"page","link":"https:\/\/sofiacamargo.edu.co\/start\/inscripciones-2024\/","title":{"rendered":"Inscripciones 2024"},"content":{"rendered":"\t\t<div data-elementor-type=\"wp-page\" data-elementor-id=\"307\" class=\"elementor elementor-307\">\n\t\t\t\t\t\t<section class=\"elementor-section elementor-top-section elementor-element elementor-element-e2bad84 elementor-section-boxed elementor-section-height-default elementor-section-height-default\" data-id=\"e2bad84\" data-element_type=\"section\" data-settings=\"{&quot;background_background&quot;:&quot;classic&quot;}\">\n\t\t\t\t\t\t\t<div class=\"elementor-background-overlay\"><\/div>\n\t\t\t\t\t\t\t<div class=\"elementor-container elementor-column-gap-default\">\n\t\t\t\t\t<div class=\"elementor-column elementor-col-100 elementor-top-column elementor-element elementor-element-296d9b2\" data-id=\"296d9b2\" data-element_type=\"column\">\n\t\t\t<div class=\"elementor-widget-wrap elementor-element-populated\">\n\t\t\t\t\t\t<div class=\"elementor-element elementor-element-2d4e531 elementor-widget elementor-widget-heading\" data-id=\"2d4e531\" data-element_type=\"widget\" data-widget_type=\"heading.default\">\n\t\t\t\t<div class=\"elementor-widget-container\">\n\t\t\t\t\t<h3 class=\"elementor-heading-title elementor-size-default\">Antes de iniciar con la inscripci\u00f3n debe tener los documentos escaneados en PDF para poder adjuntarlos, de lo contrario podr\u00eda perder la oportunidad de la inscripci\u00f3n<\/h3>\t\t\t\t<\/div>\n\t\t\t\t<\/div>\n\t\t\t\t<div class=\"elementor-element elementor-element-5bec6ff elementor-widget-divider--view-line elementor-widget elementor-widget-divider\" data-id=\"5bec6ff\" data-element_type=\"widget\" data-widget_type=\"divider.default\">\n\t\t\t\t<div class=\"elementor-widget-container\">\n\t\t\t\t\t\t\t<div class=\"elementor-divider\">\n\t\t\t<span class=\"elementor-divider-separator\">\n\t\t\t\t\t\t<\/span>\n\t\t<\/div>\n\t\t\t\t\t\t<\/div>\n\t\t\t\t<\/div>\n\t\t\t\t<div class=\"elementor-element elementor-element-cba4dbd elementor-widget elementor-widget-text-editor\" data-id=\"cba4dbd\" data-element_type=\"widget\" data-widget_type=\"text-editor.default\">\n\t\t\t\t<div class=\"elementor-widget-container\">\n\t\t\t\t\t\t\t\t\t<h3><span style=\"color: #000000;\"><strong>Requisitos<\/strong><\/span><\/h3><ul><li>Documento de identificaci\u00f3n (registro civil o tarjeta de identidad) .<\/li><li>Bolet\u00edn del ultimo a\u00f1o cursado.<\/li><li>Ultimo bolet\u00edn del a\u00f1o que se encuentra cursando.<\/li><li>Fotocopia de la cedula acudiente.<\/li><li>Formato de inscripci\u00f3n diligenciado.<\/li><\/ul><p>Reciban nuestro afectuoso saludo de Paz y Bien para ustedes y sus hogares.<\/p><p>La I.E.Sofia Camargo de Lleras\u00a0 informa a continuaci\u00f3n el instructivo para realizar exitosamente la inscripci\u00f3n de su hija.<\/p><p><strong>PROCESO: INSCRIPCI\u00d3N (EN LIN\u00c9A) <\/strong><\/p><p>A partir del 4 de septiembre hasta el 30 de septiembre o hasta agotar los cupos disponibles para el grado.<\/p><ol><li>Ingrese a la <strong>p\u00e1gina web (www.sofiacamargo.edu.co) <\/strong>en el asunto proceso de inscripci\u00f3n 2024.<\/li><\/ol><ol start=\"2\"><li>Diligencie con letra may\u00fascula el formulario que aparece.<\/li><\/ol><ol start=\"3\"><li>Verifique que los datos ingresados sean correctos y haga clic en el bot\u00f3n<\/li><\/ol><ol start=\"4\"><li>Aparecer\u00e1 un mensaje \u201cDatos guardados correctamente\u201d, de lo contrario le mostrar\u00e1 un mensaje de error o del dato que le hace falta.<\/li><\/ol><ol start=\"5\"><li>Para adjuntar los documentos recuerde: Adjunte el documento de identidad de la aspirante, cedula de ciudadan\u00eda de los padres (y del acudiente, si no es ninguno de los dos padres), bolet\u00edn del a\u00f1o que se encuentra cursando, certificado de notas a\u00f1o anterior, certificado de buena conducta, <strong>escaneados por separados en PDF<\/strong>. Haga clic en el bot\u00f3n <strong>Seleccionar archivo <\/strong>y busque el archivo en el equipo.<\/li><\/ol><ol start=\"6\"><li>Luego, haga clic en el bot\u00f3n adjuntar archivo (<strong>upload file<\/strong>).<\/li><\/ol><ol start=\"7\"><li>Despu\u00e9s haga clic en el bot\u00f3n <strong>Finalizar inscripci\u00f3n. <\/strong><\/li><\/ol><ol start=\"9\"><li>Aparecer\u00e1 el mensaje \u201cInscripci\u00f3n realizada correctamente\u201d y el nombre completo de la aspirante.<\/li><li>Como evidencia del proceso para usted, tome un pantallazo de esta ventana.<\/li><\/ol><p><strong>La inscripci\u00f3n de la aspirante est\u00e1 sujeta a verificaci\u00f3n y validaci\u00f3n de los requisitos para el grado.\u00a0 <\/strong><\/p><p>Los listados de las aspirantes admitidas se publicar\u00e1n en la p\u00e1gina web de la instituci\u00f3n www.sofiacamargo.edu.co<\/p>\t\t\t\t\t\t\t\t<\/div>\n\t\t\t\t<\/div>\n\t\t\t\t<div class=\"elementor-element elementor-element-d794fc3 elementor-align-center elementor-widget elementor-widget-button\" data-id=\"d794fc3\" data-element_type=\"widget\" data-widget_type=\"button.default\">\n\t\t\t\t<div class=\"elementor-widget-container\">\n\t\t\t\t\t\t\t\t\t<div class=\"elementor-button-wrapper\">\n\t\t\t\t\t<a class=\"elementor-button elementor-button-link elementor-size-sm\" href=\"https:\/\/sofiacamargo.edu.co\/start\/wp-content\/uploads\/2020\/10\/paso-a-paso-inscripciones.pdf\" target=\"_blank\">\n\t\t\t\t\t\t<span class=\"elementor-button-content-wrapper\">\n\t\t\t\t\t\t\t\t\t<span class=\"elementor-button-text\">Ver instructivo de inscripci\u00f3n<\/span>\n\t\t\t\t\t<\/span>\n\t\t\t\t\t<\/a>\n\t\t\t\t<\/div>\n\t\t\t\t\t\t\t\t<\/div>\n\t\t\t\t<\/div>\n\t\t\t\t<div class=\"elementor-element elementor-element-7510940 elementor-align-center elementor-widget elementor-widget-button\" data-id=\"7510940\" data-element_type=\"widget\" data-widget_type=\"button.default\">\n\t\t\t\t<div class=\"elementor-widget-container\">\n\t\t\t\t\t\t\t\t\t<div class=\"elementor-button-wrapper\">\n\t\t\t\t\t<a class=\"elementor-button elementor-button-link elementor-size-sm\" href=\"https:\/\/server6.mievaluacion.co\/sofia\/gestiona\/web\/elecciones.php\/finscrpcionestudiante\/new\" target=\"_blank\">\n\t\t\t\t\t\t<span class=\"elementor-button-content-wrapper\">\n\t\t\t\t\t\t\t\t\t<span class=\"elementor-button-text\">Inscripci\u00f3n<\/span>\n\t\t\t\t\t<\/span>\n\t\t\t\t\t<\/a>\n\t\t\t\t<\/div>\n\t\t\t\t\t\t\t\t<\/div>\n\t\t\t\t<\/div>\n\t\t\t\t\t<\/div>\n\t\t<\/div>\n\t\t\t\t\t<\/div>\n\t\t<\/section>\n\t\t\t\t<\/div>\n\t\t","protected":false},"excerpt":{"rendered":"<p>Antes de iniciar con la inscripci\u00f3n debe tener los documentos escaneados en PDF para poder adjuntarlos, de lo contrario podr\u00eda perder la oportunidad de la inscripci\u00f3n Requisitos Documento de identificaci\u00f3n (registro civil o tarjeta de identidad) . Bolet\u00edn del ultimo a\u00f1o cursado. Ultimo bolet\u00edn del a\u00f1o que se encuentra cursando. Fotocopia de la cedula acudiente. [&hellip;]<\/p>\n","protected":false},"author":1,"featured_media":0,"parent":0,"menu_order":0,"comment_status":"closed","ping_status":"closed","template":"","meta":{"site-sidebar-layout":"no-sidebar","site-content-layout":"page-builder","ast-site-content-layout":"","site-content-style":"default","site-sidebar-style":"default","ast-global-header-display":"","ast-banner-title-visibility":"","ast-main-header-display":"","ast-hfb-above-header-display":"","ast-hfb-below-header-display":"","ast-hfb-mobile-header-display":"","site-post-title":"disabled","ast-breadcrumbs-content":"","ast-featured-img":"disabled","footer-sml-layout":"","theme-transparent-header-meta":"default","adv-header-id-meta":"","stick-header-meta":"","header-above-stick-meta":"","header-main-stick-meta":"","header-below-stick-meta":"","astra-migrate-meta-layouts":"default","ast-page-background-enabled":"default","ast-page-background-meta":{"desktop":{"background-color":"","background-image":"","background-repeat":"repeat","background-position":"center center","background-size":"auto","background-attachment":"scroll","background-type":"","background-media":"","overlay-type":"","overlay-color":"","overlay-gradient":""},"tablet":{"background-color":"","background-image":"","background-repeat":"repeat","background-position":"center center","background-size":"auto","background-attachment":"scroll","background-type":"","background-media":"","overlay-type":"","overlay-color":"","overlay-gradient":""},"mobile":{"background-color":"","background-image":"","background-repeat":"repeat","background-position":"center center","background-size":"auto","background-attachment":"scroll","background-type":"","background-media":"","overlay-type":"","overlay-color":"","overlay-gradient":""}},"ast-content-background-meta":{"desktop":{"background-color":"var(--ast-global-color-5)","background-image":"","background-repeat":"repeat","background-position":"center center","background-size":"auto","background-attachment":"scroll","background-type":"","background-media":"","overlay-type":"","overlay-color":"","overlay-gradient":""},"tablet":{"background-color":"var(--ast-global-color-5)","background-image":"","background-repeat":"repeat","background-position":"center center","background-size":"auto","background-attachment":"scroll","background-type":"","background-media":"","overlay-type":"","overlay-color":"","overlay-gradient":""},"mobile":{"background-color":"var(--ast-global-color-5)","background-image":"","background-repeat":"repeat","background-position":"center center","background-size":"auto","background-attachment":"scroll","background-type":"","background-media":"","overlay-type":"","overlay-color":"","overlay-gradient":""}},"footnotes":""},"uagb_featured_image_src":{"full":false,"thumbnail":false,"medium":false,"medium_large":false,"large":false,"1536x1536":false,"2048x2048":false},"uagb_author_info":{"display_name":"admin","author_link":"https:\/\/sofiacamargo.edu.co\/start\/author\/admin\/"},"uagb_comment_info":0,"uagb_excerpt":"Antes de iniciar con la inscripci\u00f3n debe tener los documentos escaneados en PDF para poder adjuntarlos, de lo contrario podr\u00eda perder la oportunidad de la inscripci\u00f3n Requisitos Documento de identificaci\u00f3n (registro civil o tarjeta de identidad) . Bolet\u00edn del ultimo a\u00f1o cursado. Ultimo bolet\u00edn del a\u00f1o que se encuentra cursando. Fotocopia de la cedula acudiente.&hellip;","rttpg_featured_image_url":null,"rttpg_author":{"display_name":"admin","author_link":"https:\/\/sofiacamargo.edu.co\/start\/author\/admin\/"},"rttpg_comment":0,"rttpg_category":null,"rttpg_excerpt":"Antes de iniciar con la inscripci\u00f3n debe tener los documentos escaneados en PDF para poder adjuntarlos, de lo contrario podr\u00eda perder la oportunidad de la inscripci\u00f3n Requisitos Documento de identificaci\u00f3n (registro civil o tarjeta de identidad) . Bolet\u00edn del ultimo a\u00f1o cursado. Ultimo bolet\u00edn del a\u00f1o que se encuentra cursando. Fotocopia de la cedula acudiente.&hellip;","_links":{"self":[{"href":"https:\/\/sofiacamargo.edu.co\/start\/wp-json\/wp\/v2\/pages\/307"}],"collection":[{"href":"https:\/\/sofiacamargo.edu.co\/start\/wp-json\/wp\/v2\/pages"}],"about":[{"href":"https:\/\/sofiacamargo.edu.co\/start\/wp-json\/wp\/v2\/types\/page"}],"author":[{"embeddable":true,"href":"https:\/\/sofiacamargo.edu.co\/start\/wp-json\/wp\/v2\/users\/1"}],"replies":[{"embeddable":true,"href":"https:\/\/sofiacamargo.edu.co\/start\/wp-json\/wp\/v2\/comments?post=307"}],"version-history":[{"count":27,"href":"https:\/\/sofiacamargo.edu.co\/start\/wp-json\/wp\/v2\/pages\/307\/revisions"}],"predecessor-version":[{"id":16810,"href":"https:\/\/sofiacamargo.edu.co\/start\/wp-json\/wp\/v2\/pages\/307\/revisions\/16810"}],"wp:attachment":[{"href":"https:\/\/sofiacamargo.edu.co\/start\/wp-json\/wp\/v2\/media?parent=307"}],"curies":[{"name":"wp","href":"https:\/\/api.w.org\/{rel}","templated":true}]}}